           {"id":25,"date":"2024-01-31T21:19:04","date_gmt":"2024-01-31T21:19:04","guid":{"rendered":"https:\/\/koelnerholzschmied.de\/?page_id=25"},"modified":"2025-07-20T10:47:32","modified_gmt":"2025-07-20T09:47:32","slug":"agb","status":"publish","type":"page","link":"https:\/\/koelnerholzschmied.de\/?page_id=25","title":{"rendered":"AGB"},"content":{"rendered":"<p>Im Folgenden werden die Vertragsbedingungen im Rahmen von Kaufvertr\u00e4gen geregelt, die \u00fcber diesen Onlineshop zwischen Markus Gertz \u2013 handelnd unter \u201eK\u00f6lner Holzschmied\u201c -, Quettinger Stra\u00dfe 289, 51381 Leverkusen \u2013 im Folgenden \u201eVerk\u00e4ufer\u201c \u2013 und dem jeweiligen K\u00e4ufer \u2013 im Folgenden \u201eKunde\u201c \u2013 geschlossen werden.<\/p>\n<p>&nbsp;<\/p>\n<p><strong>1 Geltungsbereich, Begriffsbestimmungen<\/strong><\/p>\n<ol>\n<li>F\u00fcr die Gesch\u00e4ftsbeziehung zwischen dem Webshop-Verk\u00e4ufer (nachfolgend \u201eVerk\u00e4ufer\u201c) und dem Kunden (nachfolgend \u201eKunde\u201c) gelten die nachfolgenden Allgemeinen Gesch\u00e4ftsbedingungen in ihrer zum Zeitpunkt der Bestellung g\u00fcltigen Fassung. Abweichende Bedingungen des Bestellers werden nicht anerkannt, es sei denn, der Verk\u00e4ufer stimmt ihrer Geltung ausdr\u00fccklich zu.<\/li>\n<li>Verbraucher ist jede nat\u00fcrliche Person, die ein Rechtsgesch\u00e4ft zu Zwecken abschlie\u00dft, die \u00fcberwiegend weder ihrer gewerblichen noch ihrer selbstst\u00e4ndigen beruflichen T\u00e4tigkeit zugerechnet werden k\u00f6nnen, \u00a7 13 BGB. Dagegen ist Unternehmer jede nat\u00fcrliche oder juristische Person oder rechtsf\u00e4hige Personengesellschaft, die bei Abschluss eines Rechtsgesch\u00e4fts in Aus\u00fcbung ihrer gewerblichen oder selbst\u00e4ndigen beruflichen T\u00e4tigkeit handelt, \u00a7 14 BGB.<\/li>\n<\/ol>\n<p>&nbsp;<\/p>\n<p><strong>2 Vertragsschluss<\/strong><\/p>\n<ol>\n<li>Die Darstellung der Waren im Online-Shop stellt kein rechtlich bindendes Angebot, sondern nur eine Aufforderung zur Abgabe eines Angebots durch den Kunden dar.<br \/>\nDer Kunde kann aus dem Sortiment des Verk\u00e4ufers Waren ausw\u00e4hlen und diese \u00fcber den, den Warenkorb betreffenden Button in einem sogenannten Warenkorb sammeln. \u00dcber den f\u00fcr den Abschluss des Kaufvertrages erforderlichen Button gibt er einen verbindlichen Antrag zum Kauf der im Warenkorb befindlichen Waren ab. Vor Abschicken der Bestellung kann der Kunde die Daten jederzeit \u00e4ndern und einsehen. Der Kunde kann jederzeit vor einer verbindlichen Bestellung durch Bet\u00e4tigung des \u201eZur\u00fcck-Buttons\u201c im Browser auf die Seite gelangen, auf der seine Daten erfasst worden sind. Eingabefehler k\u00f6nnen hier berichtigt werden. Durch Schlie\u00dfen des Internetbrowsers kann der Bestellvorgang abgebrochen werden. Der Antrag kann jedoch nur abgegeben und \u00fcbermittelt werden, wenn der Kunde diese Vertragsbedingungen akzeptiert und dadurch in seinen Antrag aufgenommen hat.<\/li>\n<\/ol>\n<ol start=\"2\">\n<li>Die Best\u00e4tigung des Eingangs der Bestellung des Kunden erfolgt zusammen mit der Annahme der Bestellung unmittelbar nach dem Absenden durch eine automatisierte E-Mail. Mit dieser E-Mail-Best\u00e4tigung ist der Kaufvertrag zustande gekommen.Hat der Kunde eine Zahlungsart mit sofortiger Zahlung gew\u00e4hlt (wie z.B. PayPal), kommt der Vertrag zum Zeitpunkt der Best\u00e4tigung der Zahlungsanweisung durch den Kunden zustande. Hat der Kunde die Zahlungsart Vorkasse gew\u00e4hlt, kommt der Vertrag bereits dann zustande, wenn der Kunde vor der Annahmeerkl\u00e4rung durch den Verk\u00e4ufer eine Zahlungsaufforderung mit den entsprechenden Bankdaten erh\u00e4lt. Mit dieser Zahlungsaufforderung nimmt der Verk\u00e4ufer Ihr Angebot an.<\/li>\n<\/ol>\n<ol start=\"3\">\n<li>Mit der E-Mail (Eingangsbest\u00e4tigung und Annahme der Bestellung) oder in einer separaten E-Mail, jedoch sp\u00e4testens bei Lieferung der Ware, werden dem Kunden der Vertragstext auf einem dauerhaften Datentr\u00e4ger (E-Mail oder Papierausdruck) zugesandt. Der Vertragstext wird unter Wahrung des Datenschutzes gespeichert. Die aktuellen AGB des Verk\u00e4ufers k\u00f6nnen vom Kunden jederzeit auch unter <a href=\"http:\/\/www.koelnerholzschmied.de\/\">www.koelnerholzschmied.de<\/a> eingesehen werden.<\/li>\n<\/ol>\n<p>&nbsp;<\/p>\n<p><strong>3 Anfertigung von Waren nach Kundenvorgaben<\/strong><\/p>\n<ol>\n<li>Der Kunde stellt dem Verk\u00e4ufer zur Anfertigung von Waren, die nach bestimmten Vorgaben des Kunden zu erfolgen haben, alle dazu notwendigen Inhalte, wie z.B. Bilder, Texte und Dateien im vorgegebenen Format zur Verf\u00fcgung.<\/li>\n<li>Der Kunde r\u00e4umt dem Verk\u00e4ufer die hierzu erforderlichen Nutzungsrechte ein.<\/li>\n<li>Der Kunde verpflichtet sich nur solche Daten zu \u00fcbermitteln, zu deren Nutzung er berechtigt ist und durch deren Nutzung keine Rechte Dritter verletzt werden. Der Verk\u00e4ufer wird vom Kunden bei der Geltendmachung von etwaigen Anspr\u00fcchen Dritter und aller insoweit anfallenden Kosten der Rechtsverfolgung freigestellt.<\/li>\n<\/ol>\n<p>&nbsp;<\/p>\n<p><strong>4 Beginn Lieferfrist, Lieferung<\/strong><\/p>\n<ol>\n<li>Die Frist f\u00fcr die Lieferung beginnt bei Zahlung per Vorkasse am Tag nach Erteilung des Zahlungsauftrags an das \u00fcberweisende Kreditinstitut bzw. bei anderen Zahlungsarten am Tag nach Vertragsschluss zu laufen und endet mit dem Ablauf des letzten Tages der Frist. F\u00e4llt der letzte Tag der Frist auf einen Samstag, Sonntag oder einen am Lieferort staatlich anerkannten allgemeinen Feiertag, so tritt an die Stelle eines solchen Tages der n\u00e4chste Werktag.<\/li>\n<li>Die Zustellung erfolgt an die vom Kunden angegebene Lieferadresse bzw. bei Zahlung mittels eines Zahldienstleisters wie z.B. PayPal, an die jeweils beim Zahldienstleister angegebene Lieferadresse.<\/li>\n<li>Sofern eine Zustellung beim Kunden nicht m\u00f6glich war und das Transportunternehmen die bestellte Ware wieder an den Verk\u00e4ufer zur\u00fccksendet, tr\u00e4gt der Kunde die Kosten f\u00fcr den erfolglosen Versand. Dies gilt nicht, wenn der Kunde sein Widerrufsrecht wirksam ausge\u00fcbt, wenn er den Umstand, der zur Unm\u00f6glichkeit der Zustellung gef\u00fchrt hat, nicht zu vertreten hat oder wenn er vor\u00fcbergehend an der Annahme der angebotenen Leistung verhindert war, es sei denn, dass der Verk\u00e4ufer ihm diese eine angemessene Zeit vorher angek\u00fcndigt hatte.<\/li>\n<\/ol>\n<p>&nbsp;<\/p>\n<p><strong>5 Eigentumsvorbehalt <\/strong><\/p>\n<p>Bis zur vollst\u00e4ndigen Bezahlung verbleiben die gelieferten Waren im Eigentum des Verk\u00e4ufers.<\/p>\n<p>&nbsp;<\/p>\n<p><strong>6 Preise und Versandkosten<\/strong><\/p>\n<ol>\n<li>Die auf der Webseite des Verk\u00e4ufers angegebenen Preise verstehen sich einschlie\u00dflich der jeweils g\u00fcltigen gesetzlichen Umsatzsteuer.<\/li>\n<li>Anfallende Versand- und Lieferkosten werden w\u00e4hrend des Bestellvorgangs ausgewiesen und sind \u2013 sofern nicht anders angegeben \u2013 vom Kunden zu tragen.<\/li>\n<li>Der Versand der Ware erfolgt durch ein vom Verk\u00e4ufer beauftragtes Transportunternehmen. Das Versandrisiko tr\u00e4gt der Verk\u00e4ufer, wenn der Kunde Verbraucher ist.<\/li>\n<\/ol>\n<p><strong>\u00a0<\/strong><\/p>\n<p><strong>7 Zahlungsmodalit\u00e4ten<\/strong><\/p>\n<ol>\n<li>W\u00e4hrend des Bestellvorgangs werden dem Kunden die zur Verf\u00fcgung stehen Zahlungsoptionen angezeigt. Hierbei kann es sich z.B. um Zahlungsoptionen wie Vorauskasse oder die Nutzung eines Zahldienstleisters, wie z.B. PayPal, handeln. W\u00e4hrend des Bestellvorgangs erh\u00e4lt der Kunde weitere Informationen. Der Verk\u00e4ufer kann die zur Verf\u00fcgung stehenden Zahlungsoptionen nach eigenem Ermessen festlegen.<\/li>\n<li>Die Zahlung des Kaufpreises ist unmittelbar nach Vertragsschluss f\u00e4llig, wenn kein sp\u00e4terer F\u00e4lligkeitstermin zwischen den Parteien vereinbart worden ist. Ist die F\u00e4lligkeit der Zahlung nach dem Kalender bestimmt, so kommt der Kunde bereits durch Vers\u00e4umung des Termins in Verzug, sofern der Kunde auf diese Rechtsfolge in der Rechnung oder Zahlungsaufstellung besonders hingewiesen worden ist. In diesem Fall hat der Kunde, der Verbraucher ist, dem Verk\u00e4ufer Verzugszinsen in H\u00f6he von 5 Prozentpunkten \u00fcber dem jeweiligen Basiszinssatz zu zahlen.<\/li>\n<li>Die Verpflichtung des Kunden zur Zahlung von Verzugszinsen schlie\u00dft die Geltendmachung weiterer Verzugssch\u00e4den durch den Verk\u00e4ufer nicht aus.<\/li>\n<\/ol>\n<p>&nbsp;<\/p>\n<p><strong>8 Sachm\u00e4ngelgew\u00e4hrleistung, Garantie<\/strong><\/p>\n<ol>\n<li>Bei allen Waren aus dem Shop des Verk\u00e4ufers bestehen die gesetzlichen Gew\u00e4hrleistungsrechte. Der Verk\u00e4ufer haftet f\u00fcr Sachm\u00e4ngel nach den hierf\u00fcr geltenden gesetzlichen Vorschriften, insbesondere den \u00a7\u00a7 434 ff. BGB.<\/li>\n<li>Gegen\u00fcber Unternehmern betr\u00e4gt die Gew\u00e4hrleistungspflicht auf vom Verk\u00e4ufer gelieferte neu hergestellte Sachen 12 Monate ab Gefahren\u00fcbergang. Die Verj\u00e4hrungsfristen f\u00fcr den Verk\u00e4uferregress nach \u00a7 445a BGB bleiben unber\u00fchrt.<\/li>\n<\/ol>\n<p>&nbsp;<\/p>\n<p><strong>9 Haftung<\/strong><\/p>\n<ol>\n<li>Anspr\u00fcche des Kunden auf Schadensersatz sind ausgeschlossen. Hiervon ausgenommen sind Schadensersatzanspr\u00fcche des Kunden aus der Verletzung des Lebens, des K\u00f6rpers, der Gesundheit oder aus der Verletzung wesentlicher Vertragspflichten (Kardinalpflichten) sowie die Haftung f\u00fcr sonstige Sch\u00e4den, die auf einer vors\u00e4tzlichen oder grob fahrl\u00e4ssigen Pflichtverletzung des Verk\u00e4ufers, seiner gesetzlichen Vertreter oder Erf\u00fcllungsgehilfen beruhen. Wesentliche Vertragspflichten sind solche, deren Erf\u00fcllung zur Erreichung des Ziels des Vertrags notwendig ist.<\/li>\n<li>Bei der Verletzung wesentlicher Vertragspflichten haftet der Verk\u00e4ufer nur auf den vertragstypischen, vorhersehbaren Schaden, wenn dieser einfach fahrl\u00e4ssig verursacht wurde, es sei denn, es handelt sich um Schadensersatzanspr\u00fcche des Kunden aus einer Verletzung des Lebens, des K\u00f6rpers oder der Gesundheit.<\/li>\n<li>Die Einschr\u00e4nkungen der Abs. 1 und 2 gelten auch zugunsten der gesetzlichen Vertreter und Erf\u00fcllungsgehilfen des Verk\u00e4ufers, wenn Anspr\u00fcche direkt gegen diese geltend gemacht werden.<\/li>\n<li>Die Vorschriften des Produkthaftungsgesetzes bleiben unber\u00fchrt.<\/li>\n<\/ol>\n<p><strong>10 Widerrufsrecht<\/strong><\/p>\n<p>Sofern es sich bei dem Kunden um einen Verbraucher handelt, steht ihm ein gesetzliches Widerrufsrecht zu. N\u00e4here Informationen zum Widerrufsrecht sind der Widerrufsbelehrung zu entnehmen.<\/p>\n<p><strong>11 Hinweise zur Datenverarbeitung<\/strong><\/p>\n<p>Der Datenschutz ist uns besonders wichtig. Deshalb finden Sie unsere ausf\u00fchrliche Datenschutzerkl\u00e4rung gesondert auf unserer Homepage.<\/p>\n<p><strong>12 Schlussbestimmungen<\/strong><\/p>\n<ol>\n<li>Auf Vertr\u00e4ge zwischen dem Verk\u00e4ufer und den Kunden findet das Recht der Bundesrepublik Deutschland unter Ausschluss des UN-Kaufrechts Anwendung. Bei Bestellungen von Verbrauchern aus dem Ausland bleiben zwingende Vorschriften oder der durch Richterrecht gew\u00e4hrte Schutz des jeweiligen Aufenthaltslandes bestehen und finden entsprechende Anwendung.<\/li>\n<li>Die Vertragssprache ist Deutsch.<\/li>\n<\/ol>\n","protected":false},"excerpt":{"rendered":"<p>Im Folgenden werden die Vertragsbedingungen im Rahmen von Kaufvertr\u00e4gen geregelt, die \u00fcber diesen Onlineshop zwischen Markus Gertz \u2013 handelnd unter \u201eK\u00f6lner Holzschmied\u201c -, Quettinger Stra\u00dfe 289, 51381 Leverkusen \u2013 im Folgenden \u201eVerk\u00e4ufer\u201c \u2013 und dem jeweiligen K\u00e4ufer \u2013 im Folgenden \u201eKunde\u201c \u2013 geschlossen werden. &nbsp; 1 Geltungsbereich, Begriffsbestimmungen F\u00fcr die Gesch\u00e4ftsbeziehung zwischen dem Webshop-Verk\u00e4ufer (nachfolgend [&hellip;]<\/p>\n","protected":false},"author":1,"featured_media":0,"parent":0,"menu_order":0,"comment_status":"closed","ping_status":"closed","template":"","meta":{"footnotes":""},"class_list":["post-25","page","type-page","status-publish","hentry"],"_links":{"self":[{"href":"https:\/\/koelnerholzschmied.de\/index.php?rest_route=\/wp\/v2\/pages\/25","targetHints":{"allow":["GET"]}}],"collection":[{"href":"https:\/\/koelnerholzschmied.de\/index.php?rest_route=\/wp\/v2\/pages"}],"about":[{"href":"https:\/\/koelnerholzschmied.de\/index.php?rest_route=\/wp\/v2\/types\/page"}],"author":[{"embeddable":true,"href":"https:\/\/koelnerholzschmied.de\/index.php?rest_route=\/wp\/v2\/users\/1"}],"replies":[{"embeddable":true,"href":"https:\/\/koelnerholzschmied.de\/index.php?rest_route=%2Fwp%2Fv2%2Fcomments&post=25"}],"version-history":[{"count":4,"href":"https:\/\/koelnerholzschmied.de\/index.php?rest_route=\/wp\/v2\/pages\/25\/revisions"}],"predecessor-version":[{"id":326,"href":"https:\/\/koelnerholzschmied.de\/index.php?rest_route=\/wp\/v2\/pages\/25\/revisions\/326"}],"wp:attachment":[{"href":"https:\/\/koelnerholzschmied.de\/index.php?rest_route=%2Fwp%2Fv2%2Fmedia&parent=25"}],"curies":[{"name":"wp","href":"https:\/\/api.w.org\/{rel}","templated":true}]}}