           {"id":21,"date":"2024-01-31T21:16:22","date_gmt":"2024-01-31T21:16:22","guid":{"rendered":"https:\/\/koelnerholzschmied.de\/?page_id=21"},"modified":"2024-12-22T12:27:08","modified_gmt":"2024-12-22T11:27:08","slug":"individual-produkte","status":"publish","type":"page","link":"https:\/\/koelnerholzschmied.de\/?page_id=21","title":{"rendered":"Anfertigungen und Individuelle Produkte"},"content":{"rendered":"<p>Gerne fertige ich individuelle Produkte f\u00fcr euch an. Dies k\u00f6nnen zum Beispiel andere Ma\u00dfe von bereits gefertigten Produkten sein, individuelle Schriftz\u00fcge oder eigene Ideen die verwirklicht werden sollen. Bei Fragen k\u00f6nnt ihr mich gerne kontaktieren &#8211; <a href=\"https:\/\/koelnerholzschmied.de\/?page_id=137\">Kontakt<\/a>.<\/p>\n<p>&nbsp;<\/p>\n\n\t\t<style type=\"text\/css\">\n\t\t\t#gallery-1 {\n\t\t\t\tmargin: auto;\n\t\t\t}\n\t\t\t#gallery-1 .gallery-item {\n\t\t\t\tfloat: left;\n\t\t\t\tmargin-top: 10px;\n\t\t\t\ttext-align: center;\n\t\t\t\twidth: 33%;\n\t\t\t}\n\t\t\t#gallery-1 img {\n\t\t\t\tborder: 2px solid #cfcfcf;\n\t\t\t}\n\t\t\t#gallery-1 .gallery-caption {\n\t\t\t\tmargin-left: 0;\n\t\t\t}\n\t\t\t\/* see gallery_shortcode() in wp-includes\/media.php *\/\n\t\t<\/style>\n\t\t<div id='gallery-1' class='gallery galleryid-21 gallery-columns-3 gallery-size-medium'><dl class='gallery-item'>\n\t\t\t<dt class='gallery-icon portrait'>\n\t\t\t\t<a href='https:\/\/koelnerholzschmied.de\/wp-content\/uploads\/2024\/08\/IMG_6668-scaled.jpeg'><img loading=\"lazy\" decoding=\"async\" width=\"225\" height=\"300\" src=\"https:\/\/koelnerholzschmied.de\/wp-content\/uploads\/2024\/08\/IMG_6668-225x300.jpeg\" class=\"attachment-medium size-medium\" alt=\"\" aria-describedby=\"gallery-1-204\" srcset=\"https:\/\/koelnerholzschmied.de\/wp-content\/uploads\/2024\/08\/IMG_6668-225x300.jpeg 225w, https:\/\/koelnerholzschmied.de\/wp-content\/uploads\/2024\/08\/IMG_6668-768x1024.jpeg 768w, https:\/\/koelnerholzschmied.de\/wp-content\/uploads\/2024\/08\/IMG_6668-1152x1536.jpeg 1152w, https:\/\/koelnerholzschmied.de\/wp-content\/uploads\/2024\/08\/IMG_6668-1536x2048.jpeg 1536w, https:\/\/koelnerholzschmied.de\/wp-content\/uploads\/2024\/08\/IMG_6668-scaled.jpeg 1920w\" sizes=\"auto, (max-width: 225px) 100vw, 225px\" \/><\/a>\n\t\t\t<\/dt>\n\t\t\t\t<dd class='wp-caption-text gallery-caption' id='gallery-1-204'>\n\t\t\t\tFussball S\u00e4ule\n\t\t\t\t<\/dd><\/dl><dl class='gallery-item'>\n\t\t\t<dt class='gallery-icon landscape'>\n\t\t\t\t<a href='https:\/\/koelnerholzschmied.de\/wp-content\/uploads\/2024\/02\/IMG_2083.jpg'><img loading=\"lazy\" decoding=\"async\" width=\"300\" height=\"225\" src=\"https:\/\/koelnerholzschmied.de\/wp-content\/uploads\/2024\/02\/IMG_2083-300x225.jpg\" class=\"attachment-medium size-medium\" alt=\"\" aria-describedby=\"gallery-1-99\" srcset=\"https:\/\/koelnerholzschmied.de\/wp-content\/uploads\/2024\/02\/IMG_2083-300x225.jpg 300w, https:\/\/koelnerholzschmied.de\/wp-content\/uploads\/2024\/02\/IMG_2083-1024x768.jpg 1024w, https:\/\/koelnerholzschmied.de\/wp-content\/uploads\/2024\/02\/IMG_2083-768x576.jpg 768w, https:\/\/koelnerholzschmied.de\/wp-content\/uploads\/2024\/02\/IMG_2083-1536x1152.jpg 1536w, https:\/\/koelnerholzschmied.de\/wp-content\/uploads\/2024\/02\/IMG_2083.jpg 2048w\" sizes=\"auto, (max-width: 300px) 100vw, 300px\" \/><\/a>\n\t\t\t<\/dt>\n\t\t\t\t<dd class='wp-caption-text gallery-caption' id='gallery-1-99'>\n\t\t\t\tKorken- oder Kronkorkenbox in Buchstabenoptik\n\t\t\t\t<\/dd><\/dl><dl class='gallery-item'>\n\t\t\t<dt class='gallery-icon portrait'>\n\t\t\t\t<a href='https:\/\/koelnerholzschmied.de\/wp-content\/uploads\/2024\/02\/C95E094A-564E-4792-ACAD-E513F4F39F31-scaled.jpg'><img loading=\"lazy\" decoding=\"async\" width=\"169\" height=\"300\" src=\"https:\/\/koelnerholzschmied.de\/wp-content\/uploads\/2024\/02\/C95E094A-564E-4792-ACAD-E513F4F39F31-169x300.jpg\" class=\"attachment-medium size-medium\" alt=\"\" aria-describedby=\"gallery-1-98\" srcset=\"https:\/\/koelnerholzschmied.de\/wp-content\/uploads\/2024\/02\/C95E094A-564E-4792-ACAD-E513F4F39F31-169x300.jpg 169w, https:\/\/koelnerholzschmied.de\/wp-content\/uploads\/2024\/02\/C95E094A-564E-4792-ACAD-E513F4F39F31-576x1024.jpg 576w, https:\/\/koelnerholzschmied.de\/wp-content\/uploads\/2024\/02\/C95E094A-564E-4792-ACAD-E513F4F39F31-768x1365.jpg 768w, https:\/\/koelnerholzschmied.de\/wp-content\/uploads\/2024\/02\/C95E094A-564E-4792-ACAD-E513F4F39F31-864x1536.jpg 864w, https:\/\/koelnerholzschmied.de\/wp-content\/uploads\/2024\/02\/C95E094A-564E-4792-ACAD-E513F4F39F31-1152x2048.jpg 1152w, https:\/\/koelnerholzschmied.de\/wp-content\/uploads\/2024\/02\/C95E094A-564E-4792-ACAD-E513F4F39F31-scaled.jpg 1440w\" sizes=\"auto, (max-width: 169px) 100vw, 169px\" \/><\/a>\n\t\t\t<\/dt>\n\t\t\t\t<dd class='wp-caption-text gallery-caption' id='gallery-1-98'>\n\t\t\t\tAblage mit einem Eichenbrett versch\u00f6nert\n\t\t\t\t<\/dd><\/dl><br style=\"clear: both\" \/><dl class='gallery-item'>\n\t\t\t<dt class='gallery-icon landscape'>\n\t\t\t\t<a href='https:\/\/koelnerholzschmied.de\/wp-content\/uploads\/2024\/02\/a6a62510-3af4-434e-9276-c8ec67d07e78.jpg'><img loading=\"lazy\" decoding=\"async\" width=\"300\" height=\"249\" src=\"https:\/\/koelnerholzschmied.de\/wp-content\/uploads\/2024\/02\/a6a62510-3af4-434e-9276-c8ec67d07e78-300x249.jpg\" class=\"attachment-medium size-medium\" alt=\"\" aria-describedby=\"gallery-1-97\" srcset=\"https:\/\/koelnerholzschmied.de\/wp-content\/uploads\/2024\/02\/a6a62510-3af4-434e-9276-c8ec67d07e78-300x249.jpg 300w, https:\/\/koelnerholzschmied.de\/wp-content\/uploads\/2024\/02\/a6a62510-3af4-434e-9276-c8ec67d07e78-1024x849.jpg 1024w, https:\/\/koelnerholzschmied.de\/wp-content\/uploads\/2024\/02\/a6a62510-3af4-434e-9276-c8ec67d07e78-768x636.jpg 768w, https:\/\/koelnerholzschmied.de\/wp-content\/uploads\/2024\/02\/a6a62510-3af4-434e-9276-c8ec67d07e78-1536x1273.jpg 1536w, https:\/\/koelnerholzschmied.de\/wp-content\/uploads\/2024\/02\/a6a62510-3af4-434e-9276-c8ec67d07e78.jpg 2048w\" sizes=\"auto, (max-width: 300px) 100vw, 300px\" \/><\/a>\n\t\t\t<\/dt>\n\t\t\t\t<dd class='wp-caption-text gallery-caption' id='gallery-1-97'>\n\t\t\t\tIkea Upgrade, sch\u00f6ne massive Eichenplatte\n\t\t\t\t<\/dd><\/dl><dl class='gallery-item'>\n\t\t\t<dt class='gallery-icon landscape'>\n\t\t\t\t<a href='https:\/\/koelnerholzschmied.de\/wp-content\/uploads\/2024\/02\/IMG_2858-scaled.jpeg'><img loading=\"lazy\" decoding=\"async\" width=\"300\" height=\"225\" src=\"https:\/\/koelnerholzschmied.de\/wp-content\/uploads\/2024\/02\/IMG_2858-300x225.jpeg\" class=\"attachment-medium size-medium\" alt=\"\" aria-describedby=\"gallery-1-100\" srcset=\"https:\/\/koelnerholzschmied.de\/wp-content\/uploads\/2024\/02\/IMG_2858-300x225.jpeg 300w, https:\/\/koelnerholzschmied.de\/wp-content\/uploads\/2024\/02\/IMG_2858-1024x768.jpeg 1024w, https:\/\/koelnerholzschmied.de\/wp-content\/uploads\/2024\/02\/IMG_2858-768x576.jpeg 768w, https:\/\/koelnerholzschmied.de\/wp-content\/uploads\/2024\/02\/IMG_2858-1536x1152.jpeg 1536w, https:\/\/koelnerholzschmied.de\/wp-content\/uploads\/2024\/02\/IMG_2858-2048x1536.jpeg 2048w\" sizes=\"auto, (max-width: 300px) 100vw, 300px\" \/><\/a>\n\t\t\t<\/dt>\n\t\t\t\t<dd class='wp-caption-text gallery-caption' id='gallery-1-100'>\n\t\t\t\tSchneidebrett Eiche\n\t\t\t\t<\/dd><\/dl><dl class='gallery-item'>\n\t\t\t<dt class='gallery-icon landscape'>\n\t\t\t\t<a href='https:\/\/koelnerholzschmied.de\/wp-content\/uploads\/2024\/02\/IMG_5183-scaled.jpeg'><img loading=\"lazy\" decoding=\"async\" width=\"300\" height=\"225\" src=\"https:\/\/koelnerholzschmied.de\/wp-content\/uploads\/2024\/02\/IMG_5183-300x225.jpeg\" class=\"attachment-medium size-medium\" alt=\"\" aria-describedby=\"gallery-1-101\" srcset=\"https:\/\/koelnerholzschmied.de\/wp-content\/uploads\/2024\/02\/IMG_5183-300x225.jpeg 300w, https:\/\/koelnerholzschmied.de\/wp-content\/uploads\/2024\/02\/IMG_5183-1024x768.jpeg 1024w, https:\/\/koelnerholzschmied.de\/wp-content\/uploads\/2024\/02\/IMG_5183-768x576.jpeg 768w, https:\/\/koelnerholzschmied.de\/wp-content\/uploads\/2024\/02\/IMG_5183-1536x1152.jpeg 1536w, https:\/\/koelnerholzschmied.de\/wp-content\/uploads\/2024\/02\/IMG_5183-2048x1536.jpeg 2048w\" sizes=\"auto, (max-width: 300px) 100vw, 300px\" \/><\/a>\n\t\t\t<\/dt>\n\t\t\t\t<dd class='wp-caption-text gallery-caption' id='gallery-1-101'>\n\t\t\t\tSchriftzug aus Eiche\n\t\t\t\t<\/dd><\/dl><br style=\"clear: both\" \/><dl class='gallery-item'>\n\t\t\t<dt class='gallery-icon landscape'>\n\t\t\t\t<a href='https:\/\/koelnerholzschmied.de\/wp-content\/uploads\/2024\/02\/IMG_9583-scaled.jpeg'><img loading=\"lazy\" decoding=\"async\" width=\"300\" height=\"225\" src=\"https:\/\/koelnerholzschmied.de\/wp-content\/uploads\/2024\/02\/IMG_9583-300x225.jpeg\" class=\"attachment-medium size-medium\" alt=\"\" aria-describedby=\"gallery-1-102\" srcset=\"https:\/\/koelnerholzschmied.de\/wp-content\/uploads\/2024\/02\/IMG_9583-300x225.jpeg 300w, https:\/\/koelnerholzschmied.de\/wp-content\/uploads\/2024\/02\/IMG_9583-1024x768.jpeg 1024w, https:\/\/koelnerholzschmied.de\/wp-content\/uploads\/2024\/02\/IMG_9583-768x576.jpeg 768w, https:\/\/koelnerholzschmied.de\/wp-content\/uploads\/2024\/02\/IMG_9583-1536x1152.jpeg 1536w, https:\/\/koelnerholzschmied.de\/wp-content\/uploads\/2024\/02\/IMG_9583-2048x1536.jpeg 2048w\" sizes=\"auto, (max-width: 300px) 100vw, 300px\" \/><\/a>\n\t\t\t<\/dt>\n\t\t\t\t<dd class='wp-caption-text gallery-caption' id='gallery-1-102'>\n\t\t\t\tGew\u00fcrzregal mit Eichenb\u00f6den\n\t\t\t\t<\/dd><\/dl>\n\t\t\t<br style='clear: both' \/>\n\t\t<\/div>\n\n<p>&nbsp;<\/p>\n","protected":false},"excerpt":{"rendered":"<p>Gerne fertige ich individuelle Produkte f\u00fcr euch an. Dies k\u00f6nnen zum Beispiel andere Ma\u00dfe von bereits gefertigten Produkten sein, individuelle Schriftz\u00fcge oder eigene Ideen die verwirklicht werden sollen. Bei Fragen k\u00f6nnt ihr mich gerne kontaktieren &#8211; Kontakt. &nbsp; &nbsp;<\/p>\n","protected":false},"author":1,"featured_media":0,"parent":0,"menu_order":0,"comment_status":"closed","ping_status":"closed","template":"","meta":{"footnotes":""},"class_list":["post-21","page","type-page","status-publish","hentry"],"_links":{"self":[{"href":"https:\/\/koelnerholzschmied.de\/index.php?rest_route=\/wp\/v2\/pages\/21","targetHints":{"allow":["GET"]}}],"collection":[{"href":"https:\/\/koelnerholzschmied.de\/index.php?rest_route=\/wp\/v2\/pages"}],"about":[{"href":"https:\/\/koelnerholzschmied.de\/index.php?rest_route=\/wp\/v2\/types\/page"}],"author":[{"embeddable":true,"href":"https:\/\/koelnerholzschmied.de\/index.php?rest_route=\/wp\/v2\/users\/1"}],"replies":[{"embeddable":true,"href":"https:\/\/koelnerholzschmied.de\/index.php?rest_route=%2Fwp%2Fv2%2Fcomments&post=21"}],"version-history":[{"count":12,"href":"https:\/\/koelnerholzschmied.de\/index.php?rest_route=\/wp\/v2\/pages\/21\/revisions"}],"predecessor-version":[{"id":230,"href":"https:\/\/koelnerholzschmied.de\/index.php?rest_route=\/wp\/v2\/pages\/21\/revisions\/230"}],"wp:attachment":[{"href":"https:\/\/koelnerholzschmied.de\/index.php?rest_route=%2Fwp%2Fv2%2Fmedia&parent=21"}],"curies":[{"name":"wp","href":"https:\/\/api.w.org\/{rel}","templated":true}]}}