           {"id":19,"date":"2024-01-31T21:15:48","date_gmt":"2024-01-31T21:15:48","guid":{"rendered":"https:\/\/koelnerholzschmied.de\/?page_id=19"},"modified":"2024-02-04T15:01:50","modified_gmt":"2024-02-04T14:01:50","slug":"der-holzschmied","status":"publish","type":"page","link":"https:\/\/koelnerholzschmied.de\/?page_id=19","title":{"rendered":"Der Holzschmied"},"content":{"rendered":"<p>Hallo, ich bin Markus und freue mich, dass du dich f\u00fcr meine Produkte interessierst. Ich liebe die Arbeit mit Holz und freue mich, wenn daraus sch\u00f6ne Produkte entstehen, die anderen eine Freude bereiten.<br aria-hidden=\"true\" \/><br aria-hidden=\"true\" \/>Ich achte bei der Auswahl der H\u00f6lzer auf Nachhaltigkeit und verwende keine H\u00f6lzer oder andere Stoffe aus zweifelhafter Herkunft. Ich beziehe meine Rohstoffe bei lokalen H\u00e4ndlern.<br aria-hidden=\"true\" \/>Mir ist es wichtig, hochwertige und langlebige Produkte herzustellen. Da ich nachhaltig produzieren m\u00f6chte, stelle ich immer nur wenige Produkte her. Ich fertige diese dann bei Bedarf nach. Daher k\u00f6nnen Lieferzeiten variieren.<br aria-hidden=\"true\" \/><br aria-hidden=\"true\" \/>Individuelle Produktw\u00fcnsche von euch, f\u00fcr Anl\u00e4sse wie Geburtstage, Hochzeiten oder einfach f\u00fcr euer zu Hause, stelle ich gerne f\u00fcr euch her.\u00a0Es k\u00f6nnen auch gr\u00f6\u00dfere Mengen produziert werden. In diesem Fall bitte ich um eine Anfrage per Email.<\/p>\n<p>&nbsp;<\/p>\n<p>Um dich auf dem Laufenden zu halten und mich zu unterst\u00fctzen, folge mir gerne auf Instagram #koelnerholzschmied.<\/p>\n<p><br aria-hidden=\"true\" \/><br aria-hidden=\"true\" \/><br aria-hidden=\"true\" \/>Euer k\u00f6lner Holzschmied<\/p>\n","protected":false},"excerpt":{"rendered":"<p>Hallo, ich bin Markus und freue mich, dass du dich f\u00fcr meine Produkte interessierst. Ich liebe die Arbeit mit Holz und freue mich, wenn daraus sch\u00f6ne Produkte entstehen, die anderen eine Freude bereiten.Ich achte bei der Auswahl der H\u00f6lzer auf Nachhaltigkeit und verwende keine H\u00f6lzer oder andere Stoffe aus zweifelhafter Herkunft. Ich beziehe meine Rohstoffe [&hellip;]<\/p>\n","protected":false},"author":1,"featured_media":0,"parent":0,"menu_order":0,"comment_status":"closed","ping_status":"closed","template":"","meta":{"footnotes":""},"class_list":["post-19","page","type-page","status-publish","hentry"],"_links":{"self":[{"href":"https:\/\/koelnerholzschmied.de\/index.php?rest_route=\/wp\/v2\/pages\/19","targetHints":{"allow":["GET"]}}],"collection":[{"href":"https:\/\/koelnerholzschmied.de\/index.php?rest_route=\/wp\/v2\/pages"}],"about":[{"href":"https:\/\/koelnerholzschmied.de\/index.php?rest_route=\/wp\/v2\/types\/page"}],"author":[{"embeddable":true,"href":"https:\/\/koelnerholzschmied.de\/index.php?rest_route=\/wp\/v2\/users\/1"}],"replies":[{"embeddable":true,"href":"https:\/\/koelnerholzschmied.de\/index.php?rest_route=%2Fwp%2Fv2%2Fcomments&post=19"}],"version-history":[{"count":4,"href":"https:\/\/koelnerholzschmied.de\/index.php?rest_route=\/wp\/v2\/pages\/19\/revisions"}],"predecessor-version":[{"id":51,"href":"https:\/\/koelnerholzschmied.de\/index.php?rest_route=\/wp\/v2\/pages\/19\/revisions\/51"}],"wp:attachment":[{"href":"https:\/\/koelnerholzschmied.de\/index.php?rest_route=%2Fwp%2Fv2%2Fmedia&parent=19"}],"curies":[{"name":"wp","href":"https:\/\/api.w.org\/{rel}","templated":true}]}}